{"id":43,"date":"2020-03-03T02:09:11","date_gmt":"2020-03-03T02:09:11","guid":{"rendered":"https:\/\/sos.lat\/?page_id=43"},"modified":"2020-03-13T19:07:39","modified_gmt":"2020-03-14T01:07:39","slug":"otros-servicios","status":"publish","type":"page","link":"https:\/\/sos.lat\/?page_id=43","title":{"rendered":"Otros servicios"},"content":{"rendered":"<p>[vc_row css=&#8221;.vc_custom_1583205288839{margin-top: 4% !important;}&#8221;][vc_column width=&#8221;1\/2&#8243;][vc_column_text css_animation=&#8221;fadeInLeft&#8221;]<span style=\"font-size: 3.6em;\"><span style=\"color: #000000;\"><span style=\"color: #ff0000;\">Nuestros <\/span><\/span><span style=\"color: #000000;\">servicios<\/span><\/span><br \/>\n<span style=\"font-size: 1.6em; color: #000000;\">Todo lo necesario para tu negocio<\/span>[\/vc_column_text][\/vc_column][vc_column width=&#8221;1\/2&#8243; css=&#8221;.vc_custom_1583205532732{margin-top: 4.5% !important;}&#8221;][vc_column_text css_animation=&#8221;zoomIn&#8221;]<img data-recalc-dims=\"1\" loading=\"lazy\" decoding=\"async\" class=\"alignnone wp-image-79 size-full\" src=\"https:\/\/i0.wp.com\/sos.lat\/wp-content\/uploads\/2020\/03\/linea.jpg?resize=525%2C15&#038;ssl=1\" alt=\"\" width=\"525\" height=\"15\" srcset=\"https:\/\/i0.wp.com\/sos.lat\/wp-content\/uploads\/2020\/03\/linea.jpg?w=525&amp;ssl=1 525w, https:\/\/i0.wp.com\/sos.lat\/wp-content\/uploads\/2020\/03\/linea.jpg?resize=400%2C11&amp;ssl=1 400w\" sizes=\"auto, (max-width: 525px) 100vw, 525px\" \/>[\/vc_column_text][\/vc_column][\/vc_row][vc_row css=&#8221;.vc_custom_1583212971578{margin-top: 4% !important;}&#8221;][vc_column width=&#8221;1\/2&#8243;][vc_column_text css_animation=&#8221;fadeInLeft&#8221;]<img data-recalc-dims=\"1\" loading=\"lazy\" decoding=\"async\" class=\"wp-image-192 size-full alignright\" src=\"https:\/\/i0.wp.com\/sos.lat\/wp-content\/uploads\/2020\/03\/desarrollo_web.png?resize=538%2C330&#038;ssl=1\" alt=\"\" width=\"538\" height=\"330\" srcset=\"https:\/\/i0.wp.com\/sos.lat\/wp-content\/uploads\/2020\/03\/desarrollo_web.png?w=538&amp;ssl=1 538w, https:\/\/i0.wp.com\/sos.lat\/wp-content\/uploads\/2020\/03\/desarrollo_web.png?resize=400%2C245&amp;ssl=1 400w\" sizes=\"auto, (max-width: 538px) 100vw, 538px\" \/>[\/vc_column_text][\/vc_column][vc_column width=&#8221;1\/2&#8243;][vc_row_inner][vc_column_inner width=&#8221;1\/4&#8243;][vc_column_text css_animation=&#8221;bounceIn&#8221;]<img data-recalc-dims=\"1\" loading=\"lazy\" decoding=\"async\" width=\"541\" height=\"500\" class=\"size-full wp-image-128 aligncenter\" style=\"width: 60%;\" src=\"https:\/\/i0.wp.com\/sos.lat\/wp-content\/uploads\/2020\/03\/icono_desarrolloweb.png?resize=541%2C500&#038;ssl=1\" alt=\"\" srcset=\"https:\/\/i0.wp.com\/sos.lat\/wp-content\/uploads\/2020\/03\/icono_desarrolloweb.png?w=541&amp;ssl=1 541w, https:\/\/i0.wp.com\/sos.lat\/wp-content\/uploads\/2020\/03\/icono_desarrolloweb.png?resize=400%2C370&amp;ssl=1 400w\" sizes=\"auto, (max-width: 541px) 100vw, 541px\" \/>[\/vc_column_text][\/vc_column_inner][vc_column_inner width=&#8221;3\/4&#8243;][vc_column_text css_animation=&#8221;fadeInDown&#8221; css=&#8221;.vc_custom_1583515927312{margin-left: -2% !important;}&#8221;]<\/p>\n<h2>Desarrollo <span style=\"color: #ff0000;\">Web<\/span><\/h2>\n<p>[\/vc_column_text][\/vc_column_inner][\/vc_row_inner][vc_column_text css_animation=&#8221;fadeInRight&#8221; css=&#8221;.vc_custom_1583966378456{padding-left: 22px !important;}&#8221;]<\/p>\n<p style=\"text-align: justify;\">Nuestras p\u00e1ginas web te ayudar\u00e1n a alcanzar cualquiera que sea tu objetivo, ya sea incrementar tus ventas, atraer m\u00e1s clientes o hacer crecer tu marca, contamos con especialistas en dise\u00f1o, programaci\u00f3n y posicionamiento web que aclarar\u00e1n las dudas que tengas.<\/p>\n<p>[\/vc_column_text]<div class=\"porto-btn-ctn-left \"><a class=\"porto-btn  vc_custom_1583934013039 porto-adjust-bottom-margin porto-btn-normal porto-btn-fade-bg  porto-btn-left \"  rel='' href = \"https:\/\/sos.lat\/?page_id=45\"  data-hover=\"#000000\" data-border-color=\"#ff0000\" data-bg=\"#ffffff\" data-hover-bg=\"#ff0000\" data-border-hover=\"#ff0000\" data-shadow-click=\"none\" data-shadow=\"\" style=\"font-weight:700;font-size:1.2em;border-radius:30px;border-width:2px;border-color:#ff0000;border-style:solid;background: #ffffff;color: #000000;\"><span class=\"porto-btn-hover\" style=\"background-color:#ff0000\"><\/span><span class=\"porto-btn-data porto-btn-text \" >\u00a1 Contactar !<\/span><\/a><\/div>[\/vc_column][\/vc_row][vc_row css=&#8221;.vc_custom_1583212971578{margin-top: 4% !important;}&#8221;][vc_column width=&#8221;1\/2&#8243;][vc_row_inner][vc_column_inner width=&#8221;1\/4&#8243;][vc_column_text css_animation=&#8221;bounceIn&#8221; css=&#8221;.vc_custom_1583515712465{margin-left: -25% !important;}&#8221;]<img data-recalc-dims=\"1\" loading=\"lazy\" decoding=\"async\" width=\"541\" height=\"500\" class=\"size-full wp-image-128 aligncenter\" style=\"width: 60%;\" src=\"https:\/\/i0.wp.com\/sos.lat\/wp-content\/uploads\/2020\/03\/icono_desarrolloweb.png?resize=541%2C500&#038;ssl=1\" alt=\"\" srcset=\"https:\/\/i0.wp.com\/sos.lat\/wp-content\/uploads\/2020\/03\/icono_desarrolloweb.png?w=541&amp;ssl=1 541w, https:\/\/i0.wp.com\/sos.lat\/wp-content\/uploads\/2020\/03\/icono_desarrolloweb.png?resize=400%2C370&amp;ssl=1 400w\" sizes=\"auto, (max-width: 541px) 100vw, 541px\" \/>[\/vc_column_text][\/vc_column_inner][vc_column_inner width=&#8221;3\/4&#8243;][vc_column_text css_animation=&#8221;fadeInDown&#8221; css=&#8221;.vc_custom_1583515936681{margin-left: -2% !important;}&#8221;]<\/p>\n<h2>Social <span style=\"color: #ff0000;\">Media<\/span><\/h2>\n<p>[\/vc_column_text][\/vc_column_inner][\/vc_row_inner][vc_column_text css_animation=&#8221;fadeInLeft&#8221;]<\/p>\n<p style=\"text-align: justify;\">Las Redes Sociales son una pieza clave no solo para conectar con tu p\u00fablico, sino tambi\u00e9n para consolidar tu marca e incrementar tus ventas. El 71% de los usuarios de Internet se siente m\u00e1s dispuesto a comprarle a una marca que sigue en Twitter, Facebook o Instagram.<\/p>\n<p>[\/vc_column_text]<div class=\"porto-btn-ctn-left \"><a class=\"porto-btn porto-adjust-bottom-margin porto-btn-normal porto-btn-fade-bg  porto-btn-left \"  rel='' href = \"https:\/\/sos.lat\/?page_id=45\"  data-hover=\"#000000\" data-border-color=\"#ff0000\" data-bg=\"#ffffff\" data-hover-bg=\"#ff0000\" data-border-hover=\"#ff0000\" data-shadow-click=\"none\" data-shadow=\"\" style=\"font-weight:700;font-size:1.2em;border-radius:30px;border-width:2px;border-color:#ff0000;border-style:solid;background: #ffffff;color: #000000;\"><span class=\"porto-btn-hover\" style=\"background-color:#ff0000\"><\/span><span class=\"porto-btn-data porto-btn-text \" >\u00a1 Contactar !<\/span><\/a><\/div>[\/vc_column][vc_column width=&#8221;1\/2&#8243;][vc_column_text css_animation=&#8221;fadeInRight&#8221;]<img data-recalc-dims=\"1\" loading=\"lazy\" decoding=\"async\" class=\"alignleft wp-image-197 size-full\" src=\"https:\/\/i0.wp.com\/sos.lat\/wp-content\/uploads\/2020\/03\/social_media.png?resize=538%2C330&#038;ssl=1\" alt=\"\" width=\"538\" height=\"330\" srcset=\"https:\/\/i0.wp.com\/sos.lat\/wp-content\/uploads\/2020\/03\/social_media.png?w=538&amp;ssl=1 538w, https:\/\/i0.wp.com\/sos.lat\/wp-content\/uploads\/2020\/03\/social_media.png?resize=400%2C245&amp;ssl=1 400w\" sizes=\"auto, (max-width: 538px) 100vw, 538px\" \/>[\/vc_column_text][\/vc_column][\/vc_row][vc_row css=&#8221;.vc_custom_1583212971578{margin-top: 4% !important;}&#8221;][vc_column width=&#8221;1\/2&#8243;][vc_column_text css_animation=&#8221;fadeInLeft&#8221;]<img data-recalc-dims=\"1\" loading=\"lazy\" decoding=\"async\" class=\"alignright wp-image-199 size-full\" src=\"https:\/\/i0.wp.com\/sos.lat\/wp-content\/uploads\/2020\/03\/diseno_grafico.png?resize=538%2C330&#038;ssl=1\" alt=\"\" width=\"538\" height=\"330\" srcset=\"https:\/\/i0.wp.com\/sos.lat\/wp-content\/uploads\/2020\/03\/diseno_grafico.png?w=538&amp;ssl=1 538w, https:\/\/i0.wp.com\/sos.lat\/wp-content\/uploads\/2020\/03\/diseno_grafico.png?resize=400%2C245&amp;ssl=1 400w\" sizes=\"auto, (max-width: 538px) 100vw, 538px\" \/>[\/vc_column_text][\/vc_column][vc_column width=&#8221;1\/2&#8243;][vc_row_inner][vc_column_inner width=&#8221;1\/4&#8243;][vc_column_text css_animation=&#8221;bounceIn&#8221;]<img data-recalc-dims=\"1\" loading=\"lazy\" decoding=\"async\" width=\"501\" height=\"500\" class=\"size-full wp-image-136 aligncenter\" style=\"width: 60%;\" src=\"https:\/\/i0.wp.com\/sos.lat\/wp-content\/uploads\/2020\/03\/icono_diseno_grafico.png?resize=501%2C500&#038;ssl=1\" alt=\"\" srcset=\"https:\/\/i0.wp.com\/sos.lat\/wp-content\/uploads\/2020\/03\/icono_diseno_grafico.png?w=501&amp;ssl=1 501w, https:\/\/i0.wp.com\/sos.lat\/wp-content\/uploads\/2020\/03\/icono_diseno_grafico.png?resize=400%2C399&amp;ssl=1 400w\" sizes=\"auto, (max-width: 501px) 100vw, 501px\" \/>[\/vc_column_text][\/vc_column_inner][vc_column_inner width=&#8221;3\/4&#8243;][vc_column_text css_animation=&#8221;fadeInDown&#8221;]<\/p>\n<h2>Dise\u00f1o <span style=\"color: #ff0000;\">Gr\u00e1fico<\/span><\/h2>\n<p>[\/vc_column_text][\/vc_column_inner][\/vc_row_inner][vc_column_text css_animation=&#8221;fadeInRight&#8221;]<\/p>\n<p style=\"text-align: justify;\">Somos una agencia de dise\u00f1o gr\u00e1fico especializada en medios digitales\u00a0que contempla todos los servicios para que tu empresa destaque y creemos que el dise\u00f1o gr\u00e1fico es esencial para que tus clientes potenciales volteen a verte.<\/p>\n<p>[\/vc_column_text]<div class=\"porto-btn-ctn-left \"><a class=\"porto-btn porto-adjust-bottom-margin porto-btn-normal porto-btn-fade-bg  porto-btn-left \"  rel='' href = \"https:\/\/sos.lat\/?page_id=45\"  data-hover=\"#000000\" data-border-color=\"#ff0000\" data-bg=\"#ffffff\" data-hover-bg=\"#ff0000\" data-border-hover=\"#ff0000\" data-shadow-click=\"none\" data-shadow=\"\" style=\"font-weight:700;font-size:1.2em;border-radius:25px;border-width:2px;border-color:#ff0000;border-style:solid;background: #ffffff;color: #000000;\"><span class=\"porto-btn-hover\" style=\"background-color:#ff0000\"><\/span><span class=\"porto-btn-data porto-btn-text \" >\u00a1 Contactar !<\/span><\/a><\/div>[\/vc_column][\/vc_row][vc_row css=&#8221;.vc_custom_1583212971578{margin-top: 4% !important;}&#8221;][vc_column width=&#8221;1\/2&#8243;][vc_row_inner][vc_column_inner width=&#8221;1\/4&#8243;][vc_column_text css_animation=&#8221;bounceIn&#8221;]<img data-recalc-dims=\"1\" decoding=\"async\" class=\"size-full wp-image-128 aligncenter\" style=\"width: 60%;\" src=\"https:\/\/i0.wp.com\/sos.lat\/wp-content\/uploads\/2020\/03\/icono_fotoyvideo.png?w=1140&#038;ssl=1\" alt=\"\" \/>[\/vc_column_text][\/vc_column_inner][vc_column_inner width=&#8221;3\/4&#8243;][vc_column_text css_animation=&#8221;fadeInDown&#8221;]<\/p>\n<h2>Foto <span style=\"color: #ff0000;\">&amp; Video<\/span><\/h2>\n<p>[\/vc_column_text][\/vc_column_inner][\/vc_row_inner][vc_column_text css_animation=&#8221;fadeInLeft&#8221;]<\/p>\n<p style=\"text-align: justify;\">Las Redes Sociales son una pieza clave no solo para conectar con tu p\u00fablico, sino tambi\u00e9n para consolidar tu marca e incrementar tus ventas. El 71% de los usuarios de Internet se siente m\u00e1s dispuesto a comprarle a una marca que sigue en Twitter, Facebook o Instagram.<\/p>\n<p>[\/vc_column_text]<div class=\"porto-btn-ctn-left \"><a class=\"porto-btn porto-adjust-bottom-margin porto-btn-normal porto-btn-fade-bg  porto-btn-left \"  rel='' href = \"https:\/\/sos.lat\/?page_id=45\"  data-hover=\"#000000\" data-border-color=\"#ff0000\" data-bg=\"#ffffff\" data-hover-bg=\"#ff0000\" data-border-hover=\"#ff0000\" data-shadow-click=\"none\" data-shadow=\"\" style=\"font-weight:700;font-size:1.2em;border-radius:25px;border-width:2px;border-color:#ff0000;border-style:solid;background: #ffffff;color: #000000;\"><span class=\"porto-btn-hover\" style=\"background-color:#ff0000\"><\/span><span class=\"porto-btn-data porto-btn-text \" >\u00a1 Contactar !<\/span><\/a><\/div>[\/vc_column][vc_column width=&#8221;1\/2&#8243;][vc_column_text css_animation=&#8221;fadeInRight&#8221;]<img data-recalc-dims=\"1\" decoding=\"async\" class=\"wp-image-197 size-full alignleft\" src=\"https:\/\/i0.wp.com\/sos.lat\/wp-content\/uploads\/2020\/03\/fotoyvideo.png?w=1140&#038;ssl=1\" alt=\"\" \/>[\/vc_column_text][\/vc_column][\/vc_row][vc_row css=&#8221;.vc_custom_1583212971578{margin-top: 4% !important;}&#8221;][vc_column width=&#8221;1\/2&#8243;][vc_column_text css_animation=&#8221;fadeInLeft&#8221;]<img data-recalc-dims=\"1\" loading=\"lazy\" decoding=\"async\" class=\"alignright wp-image-199 size-full\" src=\"https:\/\/i0.wp.com\/sos.lat\/wp-content\/uploads\/2020\/03\/articulos_promocionales.png?resize=538%2C330&#038;ssl=1\" alt=\"\" width=\"538\" height=\"330\" \/>[\/vc_column_text][\/vc_column][vc_column width=&#8221;1\/2&#8243;][vc_row_inner][vc_column_inner width=&#8221;1\/4&#8243;][vc_column_text css_animation=&#8221;bounceIn&#8221;]<img data-recalc-dims=\"1\" decoding=\"async\" class=\"size-full wp-image-136 aligncenter\" style=\"width: 60%;\" src=\"https:\/\/i0.wp.com\/sos.lat\/wp-content\/uploads\/2020\/03\/icono_promocionales.png?w=1140&#038;ssl=1\" alt=\"\" \/>[\/vc_column_text][\/vc_column_inner][vc_column_inner width=&#8221;3\/4&#8243;][vc_column_text css_animation=&#8221;fadeInDown&#8221;]<\/p>\n<h2>Articulos <span style=\"color: #ff0000;\">Promocionales<\/span><\/h2>\n<p>[\/vc_column_text][\/vc_column_inner][\/vc_row_inner][vc_column_text css_animation=&#8221;fadeInRight&#8221;]<\/p>\n<p style=\"text-align: justify;\">Dedicados a la asesor\u00eda, importaci\u00f3n, fabricaci\u00f3n y comercializaci\u00f3n de art\u00edculos promocionales, cuya caracter\u00edstica principal es su gran utilidad para generar consumo, recordaci\u00f3n y posicionamiento de su marca.<\/p>\n<p>[\/vc_column_text]<div class=\"porto-btn-ctn-left \"><a class=\"porto-btn porto-adjust-bottom-margin porto-btn-normal porto-btn-fade-bg  porto-btn-left \"  rel='' href = \"https:\/\/sos.lat\/?page_id=45\"  data-hover=\"#000000\" data-border-color=\"#ff0000\" data-bg=\"#ffffff\" data-hover-bg=\"#ff0000\" data-border-hover=\"#ff0000\" data-shadow-click=\"none\" data-shadow=\"\" style=\"font-weight:700;font-size:1.2em;border-radius:25px;border-width:2px;border-color:#ff0000;border-style:solid;background: #ffffff;color: #000000;\"><span class=\"porto-btn-hover\" style=\"background-color:#ff0000\"><\/span><span class=\"porto-btn-data porto-btn-text \" >\u00a1 Contactar !<\/span><\/a><\/div>[\/vc_column][\/vc_row][vc_row css=&#8221;.vc_custom_1583212971578{margin-top: 4% !important;}&#8221;][vc_column width=&#8221;1\/2&#8243;][vc_row_inner][vc_column_inner width=&#8221;1\/4&#8243;][vc_column_text css_animation=&#8221;bounceIn&#8221;]<img data-recalc-dims=\"1\" decoding=\"async\" class=\"size-full wp-image-128 aligncenter\" style=\"width: 60%;\" src=\"https:\/\/i0.wp.com\/sos.lat\/wp-content\/uploads\/2020\/03\/icono_impresion.png?w=1140&#038;ssl=1\" alt=\"\" \/>[\/vc_column_text][\/vc_column_inner][vc_column_inner width=&#8221;3\/4&#8243;][vc_column_text css_animation=&#8221;fadeInDown&#8221;]<\/p>\n<h2>Impresi\u00f3n<\/h2>\n<p>[\/vc_column_text][\/vc_column_inner][\/vc_row_inner][vc_column_text css_animation=&#8221;fadeInLeft&#8221;]<\/p>\n<p style=\"text-align: justify;\">M\u00e1s que un servicio de impresi\u00f3n te guiamos paso a paso para que tu proyecto luzca a\u00fan mejor de lo que esperas.<\/p>\n<p>[\/vc_column_text]<div class=\"porto-btn-ctn-left \"><a class=\"porto-btn porto-adjust-bottom-margin porto-btn-normal porto-btn-fade-bg  porto-btn-left \"  rel='' href = \"https:\/\/sos.lat\/?page_id=45\"  data-hover=\"#000000\" data-border-color=\"#ff0000\" data-bg=\"#ffffff\" data-hover-bg=\"#ff0000\" data-border-hover=\"#ff0000\" data-shadow-click=\"none\" data-shadow=\"\" style=\"font-weight:700;font-size:1.2em;border-radius:25px;border-width:2px;border-color:#ff0000;border-style:solid;background: #ffffff;color: #000000;\"><span class=\"porto-btn-hover\" style=\"background-color:#ff0000\"><\/span><span class=\"porto-btn-data porto-btn-text \" >\u00a1 Contactar !<\/span><\/a><\/div>[\/vc_column][vc_column width=&#8221;1\/2&#8243;][vc_column_text css_animation=&#8221;fadeInRight&#8221;]<img data-recalc-dims=\"1\" decoding=\"async\" class=\"wp-image-197 size-full alignleft\" src=\"https:\/\/i0.wp.com\/sos.lat\/wp-content\/uploads\/2020\/03\/impresion.png?w=1140&#038;ssl=1\" alt=\"\" \/>[\/vc_column_text][\/vc_column][\/vc_row][vc_row full_width=&#8221;stretch_row_content_no_spaces&#8221; css=&#8221;.vc_custom_1584148055948{margin-top: 4% !important;margin-bottom: 2% !important;border-bottom-width: 8px !important;background-color: #ff0000 !important;border-bottom-color: #000000 !important;border-bottom-style: solid !important;}&#8221;][vc_column][vc_column_text css_animation=&#8221;fadeInLeft&#8221; css=&#8221;.vc_custom_1584124056776{border-bottom-width: 1% !important;padding-top: 2% !important;padding-bottom: 2% !important;border-bottom-color: #000000 !important;}&#8221;]<\/p>\n<p><center><span style=\"color: #000000;\"><span style=\"font-size: 2.3em;\">Estamos listos para<\/span><\/span><br \/>\n<span style=\"color: #ffffff;\"><span style=\"font-size: 2.6em;\">iniciar tu proyecto.<\/span><\/span><\/center>[\/vc_column_text][\/vc_column][\/vc_row]<\/p>\n","protected":false},"excerpt":{"rendered":"<p>[vc_row css=&#8221;.vc_custom_1583205288839{margin-top: 4% !important;}&#8221;][vc_column width=&#8221;1\/2&#8243;][vc_column_text css_animation=&#8221;fadeInLeft&#8221;]Nuestros servicios Todo lo necesario para tu negocio[\/vc_column_text][\/vc_column][vc_column width=&#8221;1\/2&#8243; css=&#8221;.vc_custom_1583205532732{margin-top: 4.5% !important;}&#8221;][vc_column_text css_animation=&#8221;zoomIn&#8221;][\/vc_column_text][\/vc_column][\/vc_row][vc_row css=&#8221;.vc_custom_1583212971578{margin-top: 4% !important;}&#8221;][vc_column width=&#8221;1\/2&#8243;][vc_column_text css_animation=&#8221;fadeInLeft&#8221;][\/vc_column_text][\/vc_column][vc_column width=&#8221;1\/2&#8243;][vc_row_inner][vc_column_inner width=&#8221;1\/4&#8243;][vc_column_text css_animation=&#8221;bounceIn&#8221;][\/vc_column_text][\/vc_column_inner][vc_column_inner width=&#8221;3\/4&#8243;][vc_column_text css_animation=&#8221;fadeInDown&#8221; css=&#8221;.vc_custom_1583515927312{margin-left: -2% !important;}&#8221;] Desarrollo Web [\/vc_column_text][\/vc_column_inner][\/vc_row_inner][vc_column_text css_animation=&#8221;fadeInRight&#8221; css=&#8221;.vc_custom_1583966378456{padding-left: 22px !important;}&#8221;] Nuestras p\u00e1ginas web te ayudar\u00e1n a alcanzar cualquiera que sea tu objetivo, ya sea incrementar tus ventas, [&hellip;]<\/p>\n","protected":false},"author":1,"featured_media":0,"parent":0,"menu_order":0,"comment_status":"closed","ping_status":"closed","template":"","meta":{"_joinchat":[],"footnotes":""},"class_list":["post-43","page","type-page","status-publish","hentry"],"jetpack_sharing_enabled":true,"_links":{"self":[{"href":"https:\/\/sos.lat\/index.php?rest_route=\/wp\/v2\/pages\/43","targetHints":{"allow":["GET"]}}],"collection":[{"href":"https:\/\/sos.lat\/index.php?rest_route=\/wp\/v2\/pages"}],"about":[{"href":"https:\/\/sos.lat\/index.php?rest_route=\/wp\/v2\/types\/page"}],"author":[{"embeddable":true,"href":"https:\/\/sos.lat\/index.php?rest_route=\/wp\/v2\/users\/1"}],"replies":[{"embeddable":true,"href":"https:\/\/sos.lat\/index.php?rest_route=%2Fwp%2Fv2%2Fcomments&post=43"}],"version-history":[{"count":49,"href":"https:\/\/sos.lat\/index.php?rest_route=\/wp\/v2\/pages\/43\/revisions"}],"predecessor-version":[{"id":462,"href":"https:\/\/sos.lat\/index.php?rest_route=\/wp\/v2\/pages\/43\/revisions\/462"}],"wp:attachment":[{"href":"https:\/\/sos.lat\/index.php?rest_route=%2Fwp%2Fv2%2Fmedia&parent=43"}],"curies":[{"name":"wp","href":"https:\/\/api.w.org\/{rel}","templated":true}]}}